{"id":3317,"date":"2017-03-30T16:01:37","date_gmt":"2017-03-30T14:01:37","guid":{"rendered":"https:\/\/www.omar.es\/empresa\/"},"modified":"2022-06-28T11:23:13","modified_gmt":"2022-06-28T09:23:13","slug":"societe-2","status":"publish","type":"page","link":"https:\/\/www.omarcoatings.com\/fr\/societe-2\/","title":{"rendered":"Entreprise"},"content":{"rendered":"","protected":false},"excerpt":{"rendered":"","protected":false},"author":1,"featured_media":0,"parent":0,"menu_order":0,"comment_status":"closed","ping_status":"closed","template":"","meta":{"footnotes":""},"class_list":["post-3317","page","type-page","status-publish","hentry"],"yoast_head":"<!-- This site is optimized with the Yoast SEO plugin v27.4 - https:\/\/yoast.com\/product\/yoast-seo-wordpress\/ -->\n<title>Soci\u00e9t\u00e9 | Omar Coatings: Peintures - Vernis - R\u00e9sines<\/title>\n<meta name=\"description\" content=\"Omar Coatings Company d\u00e9veloppe des mat\u00e9riaux technologiquement avanc\u00e9s et durables afin de prot\u00e9ger et embellir les supports o\u00f9 ils sont appliqu\u00e9s.\" \/>\n<meta name=\"robots\" content=\"index, follow, max-snippet:-1, max-image-preview:large, max-video-preview:-1\" \/>\n<link rel=\"canonical\" href=\"https:\/\/www.omarcoatings.com\/fr\/societe-2\/\" \/>\n<meta property=\"og:locale\" content=\"fr_FR\" \/>\n<meta property=\"og:type\" content=\"article\" \/>\n<meta property=\"og:title\" content=\"Soci\u00e9t\u00e9 | Omar Coatings: Peintures - Vernis - R\u00e9sines\" \/>\n<meta property=\"og:description\" content=\"Omar Coatings Company d\u00e9veloppe des mat\u00e9riaux technologiquement avanc\u00e9s et durables afin de prot\u00e9ger et embellir les supports o\u00f9 ils sont appliqu\u00e9s.\" \/>\n<meta property=\"og:url\" content=\"https:\/\/www.omarcoatings.com\/fr\/societe-2\/\" \/>\n<meta property=\"og:site_name\" content=\"Omar Coatings\" \/>\n<meta property=\"article:publisher\" content=\"https:\/\/www.facebook.com\/Omar-Coatings-SA-836467759840586\/\" \/>\n<meta property=\"article:modified_time\" content=\"2022-06-28T09:23:13+00:00\" \/>\n<meta name=\"twitter:card\" content=\"summary_large_image\" \/>\n<!-- \/ Yoast SEO plugin. -->","yoast_head_json":{"title":"Soci\u00e9t\u00e9 | Omar Coatings: Peintures - Vernis - R\u00e9sines","description":"Omar Coatings Company d\u00e9veloppe des mat\u00e9riaux technologiquement avanc\u00e9s et durables afin de prot\u00e9ger et embellir les supports o\u00f9 ils sont appliqu\u00e9s.","robots":{"index":"index","follow":"follow","max-snippet":"max-snippet:-1","max-image-preview":"max-image-preview:large","max-video-preview":"max-video-preview:-1"},"canonical":"https:\/\/www.omarcoatings.com\/fr\/societe-2\/","og_locale":"fr_FR","og_type":"article","og_title":"Soci\u00e9t\u00e9 | Omar Coatings: Peintures - Vernis - R\u00e9sines","og_description":"Omar Coatings Company d\u00e9veloppe des mat\u00e9riaux technologiquement avanc\u00e9s et durables afin de prot\u00e9ger et embellir les supports o\u00f9 ils sont appliqu\u00e9s.","og_url":"https:\/\/www.omarcoatings.com\/fr\/societe-2\/","og_site_name":"Omar Coatings","article_publisher":"https:\/\/www.facebook.com\/Omar-Coatings-SA-836467759840586\/","article_modified_time":"2022-06-28T09:23:13+00:00","twitter_card":"summary_large_image","schema":{"@context":"https:\/\/schema.org","@graph":[{"@type":"WebPage","@id":"https:\/\/www.omarcoatings.com\/fr\/societe-2\/","url":"https:\/\/www.omarcoatings.com\/fr\/societe-2\/","name":"Soci\u00e9t\u00e9 | Omar Coatings: Peintures - Vernis - R\u00e9sines","isPartOf":{"@id":"https:\/\/www.omarcoatings.com\/#website"},"datePublished":"2017-03-30T14:01:37+00:00","dateModified":"2022-06-28T09:23:13+00:00","description":"Omar Coatings Company d\u00e9veloppe des mat\u00e9riaux technologiquement avanc\u00e9s et durables afin de prot\u00e9ger et embellir les supports o\u00f9 ils sont appliqu\u00e9s.","breadcrumb":{"@id":"https:\/\/www.omarcoatings.com\/fr\/societe-2\/#breadcrumb"},"inLanguage":"fr-FR","potentialAction":[{"@type":"ReadAction","target":["https:\/\/www.omarcoatings.com\/fr\/societe-2\/"]}]},{"@type":"BreadcrumbList","@id":"https:\/\/www.omarcoatings.com\/fr\/societe-2\/#breadcrumb","itemListElement":[{"@type":"ListItem","position":1,"name":"Portada","item":"https:\/\/www.omarcoatings.com\/fr\/"},{"@type":"ListItem","position":2,"name":"Entreprise"}]},{"@type":"WebSite","@id":"https:\/\/www.omarcoatings.com\/#website","url":"https:\/\/www.omarcoatings.com\/","name":"Omar Coatings","description":"Fabrica de barnices y resinas","publisher":{"@id":"https:\/\/www.omarcoatings.com\/#organization"},"potentialAction":[{"@type":"SearchAction","target":{"@type":"EntryPoint","urlTemplate":"https:\/\/www.omarcoatings.com\/?s={search_term_string}"},"query-input":{"@type":"PropertyValueSpecification","valueRequired":true,"valueName":"search_term_string"}}],"inLanguage":"fr-FR"},{"@type":"Organization","@id":"https:\/\/www.omarcoatings.com\/#organization","name":"Omar Coatings\u00ae\ufe0f","url":"https:\/\/www.omarcoatings.com\/","logo":{"@type":"ImageObject","inLanguage":"fr-FR","@id":"https:\/\/www.omarcoatings.com\/#\/schema\/logo\/image\/","url":"https:\/\/www.omarcoatings.com\/web\/wp-content\/uploads\/2022\/05\/logoOmarcoatings.jpg","contentUrl":"https:\/\/www.omarcoatings.com\/web\/wp-content\/uploads\/2022\/05\/logoOmarcoatings.jpg","width":445,"height":301,"caption":"Omar Coatings\u00ae\ufe0f"},"image":{"@id":"https:\/\/www.omarcoatings.com\/#\/schema\/logo\/image\/"},"sameAs":["https:\/\/www.facebook.com\/Omar-Coatings-SA-836467759840586\/","https:\/\/www.linkedin.com\/company-beta\/7121006\/"]}]}},"_links":{"self":[{"href":"https:\/\/www.omarcoatings.com\/fr\/wp-json\/wp\/v2\/pages\/3317","targetHints":{"allow":["GET"]}}],"collection":[{"href":"https:\/\/www.omarcoatings.com\/fr\/wp-json\/wp\/v2\/pages"}],"about":[{"href":"https:\/\/www.omarcoatings.com\/fr\/wp-json\/wp\/v2\/types\/page"}],"author":[{"embeddable":true,"href":"https:\/\/www.omarcoatings.com\/fr\/wp-json\/wp\/v2\/users\/1"}],"replies":[{"embeddable":true,"href":"https:\/\/www.omarcoatings.com\/fr\/wp-json\/wp\/v2\/comments?post=3317"}],"version-history":[{"count":6,"href":"https:\/\/www.omarcoatings.com\/fr\/wp-json\/wp\/v2\/pages\/3317\/revisions"}],"predecessor-version":[{"id":12389,"href":"https:\/\/www.omarcoatings.com\/fr\/wp-json\/wp\/v2\/pages\/3317\/revisions\/12389"}],"wp:attachment":[{"href":"https:\/\/www.omarcoatings.com\/fr\/wp-json\/wp\/v2\/media?parent=3317"}],"curies":[{"name":"wp","href":"https:\/\/api.w.org\/{rel}","templated":true}]}}