{"id":3337,"date":"2017-02-21T13:13:40","date_gmt":"2017-02-21T11:13:40","guid":{"rendered":"https:\/\/www.omar.es\/sistema-tintometrico\/"},"modified":"2017-07-28T10:59:34","modified_gmt":"2017-07-28T08:59:34","slug":"systeme-a-teinter","status":"publish","type":"page","link":"https:\/\/www.omarcoatings.com\/fr\/vernis\/systeme-a-teinter\/","title":{"rendered":"Syst\u00e8me \u00e0 teinter"},"content":{"rendered":"","protected":false},"excerpt":{"rendered":"","protected":false},"author":1,"featured_media":0,"parent":3832,"menu_order":0,"comment_status":"closed","ping_status":"closed","template":"","meta":{"footnotes":""},"class_list":["post-3337","page","type-page","status-publish","hentry"],"yoast_head":"<!-- This site is optimized with the Yoast SEO plugin v27.3 - https:\/\/yoast.com\/product\/yoast-seo-wordpress\/ -->\n<title>Exclusivit\u00e9 de notre syst\u00e8me de mise \u00e0 la teinte | Omar Coatings<\/title>\n<meta name=\"description\" content=\"Industrias Omar dispose d&#039;un syst\u00e8me de mise \u00e0 la teinte sur la base des p\u00e2tes pigmentaires OMARCROM HIDROCROM. N&#039;h\u00e9sitez pas \u00e0 nous contacter.\" \/>\n<meta name=\"robots\" content=\"index, follow, max-snippet:-1, max-image-preview:large, max-video-preview:-1\" \/>\n<link rel=\"canonical\" href=\"https:\/\/www.omarcoatings.com\/fr\/vernis\/systeme-a-teinter\/\" \/>\n<meta property=\"og:locale\" content=\"fr_FR\" \/>\n<meta property=\"og:type\" content=\"article\" \/>\n<meta property=\"og:title\" content=\"Exclusivit\u00e9 de notre syst\u00e8me de mise \u00e0 la teinte | Omar Coatings\" \/>\n<meta property=\"og:description\" content=\"Industrias Omar dispose d&#039;un syst\u00e8me de mise \u00e0 la teinte sur la base des p\u00e2tes pigmentaires OMARCROM HIDROCROM. N&#039;h\u00e9sitez pas \u00e0 nous contacter.\" \/>\n<meta property=\"og:url\" content=\"https:\/\/www.omarcoatings.com\/fr\/vernis\/systeme-a-teinter\/\" \/>\n<meta property=\"og:site_name\" content=\"Omar Coatings\" \/>\n<meta property=\"article:publisher\" content=\"https:\/\/www.facebook.com\/Omar-Coatings-SA-836467759840586\/\" \/>\n<meta property=\"article:modified_time\" content=\"2017-07-28T08:59:34+00:00\" \/>\n<meta name=\"twitter:card\" content=\"summary_large_image\" \/>\n<!-- \/ Yoast SEO plugin. -->","yoast_head_json":{"title":"Exclusivit\u00e9 de notre syst\u00e8me de mise \u00e0 la teinte | Omar Coatings","description":"Industrias Omar dispose d'un syst\u00e8me de mise \u00e0 la teinte sur la base des p\u00e2tes pigmentaires OMARCROM HIDROCROM. N'h\u00e9sitez pas \u00e0 nous contacter.","robots":{"index":"index","follow":"follow","max-snippet":"max-snippet:-1","max-image-preview":"max-image-preview:large","max-video-preview":"max-video-preview:-1"},"canonical":"https:\/\/www.omarcoatings.com\/fr\/vernis\/systeme-a-teinter\/","og_locale":"fr_FR","og_type":"article","og_title":"Exclusivit\u00e9 de notre syst\u00e8me de mise \u00e0 la teinte | Omar Coatings","og_description":"Industrias Omar dispose d'un syst\u00e8me de mise \u00e0 la teinte sur la base des p\u00e2tes pigmentaires OMARCROM HIDROCROM. N'h\u00e9sitez pas \u00e0 nous contacter.","og_url":"https:\/\/www.omarcoatings.com\/fr\/vernis\/systeme-a-teinter\/","og_site_name":"Omar Coatings","article_publisher":"https:\/\/www.facebook.com\/Omar-Coatings-SA-836467759840586\/","article_modified_time":"2017-07-28T08:59:34+00:00","twitter_card":"summary_large_image","schema":{"@context":"https:\/\/schema.org","@graph":[{"@type":"WebPage","@id":"https:\/\/www.omarcoatings.com\/fr\/vernis\/systeme-a-teinter\/","url":"https:\/\/www.omarcoatings.com\/fr\/vernis\/systeme-a-teinter\/","name":"Exclusivit\u00e9 de notre syst\u00e8me de mise \u00e0 la teinte | Omar Coatings","isPartOf":{"@id":"https:\/\/www.omarcoatings.com\/#website"},"datePublished":"2017-02-21T11:13:40+00:00","dateModified":"2017-07-28T08:59:34+00:00","description":"Industrias Omar dispose d'un syst\u00e8me de mise \u00e0 la teinte sur la base des p\u00e2tes pigmentaires OMARCROM HIDROCROM. N'h\u00e9sitez pas \u00e0 nous contacter.","breadcrumb":{"@id":"https:\/\/www.omarcoatings.com\/fr\/vernis\/systeme-a-teinter\/#breadcrumb"},"inLanguage":"fr-FR","potentialAction":[{"@type":"ReadAction","target":["https:\/\/www.omarcoatings.com\/fr\/vernis\/systeme-a-teinter\/"]}]},{"@type":"BreadcrumbList","@id":"https:\/\/www.omarcoatings.com\/fr\/vernis\/systeme-a-teinter\/#breadcrumb","itemListElement":[{"@type":"ListItem","position":1,"name":"Portada","item":"https:\/\/www.omarcoatings.com\/fr\/"},{"@type":"ListItem","position":2,"name":"Vernis","item":"https:\/\/www.omarcoatings.com\/fr\/vernis\/"},{"@type":"ListItem","position":3,"name":"Syst\u00e8me \u00e0 teinter"}]},{"@type":"WebSite","@id":"https:\/\/www.omarcoatings.com\/#website","url":"https:\/\/www.omarcoatings.com\/","name":"Omar Coatings","description":"Fabrica de barnices y resinas","publisher":{"@id":"https:\/\/www.omarcoatings.com\/#organization"},"potentialAction":[{"@type":"SearchAction","target":{"@type":"EntryPoint","urlTemplate":"https:\/\/www.omarcoatings.com\/?s={search_term_string}"},"query-input":{"@type":"PropertyValueSpecification","valueRequired":true,"valueName":"search_term_string"}}],"inLanguage":"fr-FR"},{"@type":"Organization","@id":"https:\/\/www.omarcoatings.com\/#organization","name":"Omar Coatings\u00ae\ufe0f","url":"https:\/\/www.omarcoatings.com\/","logo":{"@type":"ImageObject","inLanguage":"fr-FR","@id":"https:\/\/www.omarcoatings.com\/#\/schema\/logo\/image\/","url":"https:\/\/www.omarcoatings.com\/web\/wp-content\/uploads\/2022\/05\/logoOmarcoatings.jpg","contentUrl":"https:\/\/www.omarcoatings.com\/web\/wp-content\/uploads\/2022\/05\/logoOmarcoatings.jpg","width":445,"height":301,"caption":"Omar Coatings\u00ae\ufe0f"},"image":{"@id":"https:\/\/www.omarcoatings.com\/#\/schema\/logo\/image\/"},"sameAs":["https:\/\/www.facebook.com\/Omar-Coatings-SA-836467759840586\/","https:\/\/www.linkedin.com\/company-beta\/7121006\/"]}]}},"_links":{"self":[{"href":"https:\/\/www.omarcoatings.com\/fr\/wp-json\/wp\/v2\/pages\/3337","targetHints":{"allow":["GET"]}}],"collection":[{"href":"https:\/\/www.omarcoatings.com\/fr\/wp-json\/wp\/v2\/pages"}],"about":[{"href":"https:\/\/www.omarcoatings.com\/fr\/wp-json\/wp\/v2\/types\/page"}],"author":[{"embeddable":true,"href":"https:\/\/www.omarcoatings.com\/fr\/wp-json\/wp\/v2\/users\/1"}],"replies":[{"embeddable":true,"href":"https:\/\/www.omarcoatings.com\/fr\/wp-json\/wp\/v2\/comments?post=3337"}],"version-history":[{"count":2,"href":"https:\/\/www.omarcoatings.com\/fr\/wp-json\/wp\/v2\/pages\/3337\/revisions"}],"predecessor-version":[{"id":3585,"href":"https:\/\/www.omarcoatings.com\/fr\/wp-json\/wp\/v2\/pages\/3337\/revisions\/3585"}],"up":[{"embeddable":true,"href":"https:\/\/www.omarcoatings.com\/fr\/wp-json\/wp\/v2\/pages\/3832"}],"wp:attachment":[{"href":"https:\/\/www.omarcoatings.com\/fr\/wp-json\/wp\/v2\/media?parent=3337"}],"curies":[{"name":"wp","href":"https:\/\/api.w.org\/{rel}","templated":true}]}}