{"id":3566,"date":"2017-06-15T18:32:06","date_gmt":"2017-06-15T16:32:06","guid":{"rendered":"https:\/\/www.omar.es\/solicitud-alta\/"},"modified":"2017-07-28T11:33:25","modified_gmt":"2017-07-28T09:33:25","slug":"demande","status":"publish","type":"page","link":"https:\/\/www.omarcoatings.com\/fr\/demande\/","title":{"rendered":"Demande d&#8217;ouverture de compte client"},"content":{"rendered":"","protected":false},"excerpt":{"rendered":"","protected":false},"author":1,"featured_media":0,"parent":0,"menu_order":0,"comment_status":"closed","ping_status":"closed","template":"","meta":{"footnotes":""},"class_list":["post-3566","page","type-page","status-publish","hentry"],"yoast_head":"<!-- This site is optimized with the Yoast SEO plugin v27.3 - https:\/\/yoast.com\/product\/yoast-seo-wordpress\/ -->\n<title>Demande d&#039;ouverture de compte client: Espace Client | Omar Coatings<\/title>\n<meta name=\"description\" content=\"Enregistrement de l&#039;utilisateur: dans l&#039;espace client vous serez inform\u00e9 \u00e0 tout moment des actualit\u00e9s et l&#039;\u00e9volution du secteur ainsi que de notre soci\u00e9t\u00e9.\" \/>\n<meta name=\"robots\" content=\"noindex, nofollow\" \/>\n<meta property=\"og:locale\" content=\"fr_FR\" \/>\n<meta property=\"og:type\" content=\"article\" \/>\n<meta property=\"og:title\" content=\"Demande d&#039;ouverture de compte client: Espace Client | Omar Coatings\" \/>\n<meta property=\"og:description\" content=\"Enregistrement de l&#039;utilisateur: dans l&#039;espace client vous serez inform\u00e9 \u00e0 tout moment des actualit\u00e9s et l&#039;\u00e9volution du secteur ainsi que de notre soci\u00e9t\u00e9.\" \/>\n<meta property=\"og:url\" content=\"https:\/\/www.omarcoatings.com\/fr\/demande\/\" \/>\n<meta property=\"og:site_name\" content=\"Omar Coatings\" \/>\n<meta property=\"article:publisher\" content=\"https:\/\/www.facebook.com\/Omar-Coatings-SA-836467759840586\/\" \/>\n<meta property=\"article:modified_time\" content=\"2017-07-28T09:33:25+00:00\" \/>\n<meta name=\"twitter:card\" content=\"summary_large_image\" \/>\n<!-- \/ Yoast SEO plugin. -->","yoast_head_json":{"title":"Demande d'ouverture de compte client: Espace Client | Omar Coatings","description":"Enregistrement de l'utilisateur: dans l'espace client vous serez inform\u00e9 \u00e0 tout moment des actualit\u00e9s et l'\u00e9volution du secteur ainsi que de notre soci\u00e9t\u00e9.","robots":{"index":"noindex","follow":"nofollow"},"og_locale":"fr_FR","og_type":"article","og_title":"Demande d'ouverture de compte client: Espace Client | Omar Coatings","og_description":"Enregistrement de l'utilisateur: dans l'espace client vous serez inform\u00e9 \u00e0 tout moment des actualit\u00e9s et l'\u00e9volution du secteur ainsi que de notre soci\u00e9t\u00e9.","og_url":"https:\/\/www.omarcoatings.com\/fr\/demande\/","og_site_name":"Omar Coatings","article_publisher":"https:\/\/www.facebook.com\/Omar-Coatings-SA-836467759840586\/","article_modified_time":"2017-07-28T09:33:25+00:00","twitter_card":"summary_large_image","schema":{"@context":"https:\/\/schema.org","@graph":[{"@type":"WebPage","@id":"https:\/\/www.omarcoatings.com\/fr\/demande\/","url":"https:\/\/www.omarcoatings.com\/fr\/demande\/","name":"Demande d'ouverture de compte client: Espace Client | Omar Coatings","isPartOf":{"@id":"https:\/\/www.omarcoatings.com\/#website"},"datePublished":"2017-06-15T16:32:06+00:00","dateModified":"2017-07-28T09:33:25+00:00","description":"Enregistrement de l'utilisateur: dans l'espace client vous serez inform\u00e9 \u00e0 tout moment des actualit\u00e9s et l'\u00e9volution du secteur ainsi que de notre soci\u00e9t\u00e9.","breadcrumb":{"@id":"https:\/\/www.omarcoatings.com\/fr\/demande\/#breadcrumb"},"inLanguage":"fr-FR","potentialAction":[{"@type":"ReadAction","target":["https:\/\/www.omarcoatings.com\/fr\/demande\/"]}]},{"@type":"BreadcrumbList","@id":"https:\/\/www.omarcoatings.com\/fr\/demande\/#breadcrumb","itemListElement":[{"@type":"ListItem","position":1,"name":"Portada","item":"https:\/\/www.omarcoatings.com\/fr\/"},{"@type":"ListItem","position":2,"name":"Demande d&#8217;ouverture de compte client"}]},{"@type":"WebSite","@id":"https:\/\/www.omarcoatings.com\/#website","url":"https:\/\/www.omarcoatings.com\/","name":"Omar Coatings","description":"Fabrica de barnices y resinas","publisher":{"@id":"https:\/\/www.omarcoatings.com\/#organization"},"potentialAction":[{"@type":"SearchAction","target":{"@type":"EntryPoint","urlTemplate":"https:\/\/www.omarcoatings.com\/?s={search_term_string}"},"query-input":{"@type":"PropertyValueSpecification","valueRequired":true,"valueName":"search_term_string"}}],"inLanguage":"fr-FR"},{"@type":"Organization","@id":"https:\/\/www.omarcoatings.com\/#organization","name":"Omar Coatings\u00ae\ufe0f","url":"https:\/\/www.omarcoatings.com\/","logo":{"@type":"ImageObject","inLanguage":"fr-FR","@id":"https:\/\/www.omarcoatings.com\/#\/schema\/logo\/image\/","url":"https:\/\/www.omarcoatings.com\/web\/wp-content\/uploads\/2022\/05\/logoOmarcoatings.jpg","contentUrl":"https:\/\/www.omarcoatings.com\/web\/wp-content\/uploads\/2022\/05\/logoOmarcoatings.jpg","width":445,"height":301,"caption":"Omar Coatings\u00ae\ufe0f"},"image":{"@id":"https:\/\/www.omarcoatings.com\/#\/schema\/logo\/image\/"},"sameAs":["https:\/\/www.facebook.com\/Omar-Coatings-SA-836467759840586\/","https:\/\/www.linkedin.com\/company-beta\/7121006\/"]}]}},"_links":{"self":[{"href":"https:\/\/www.omarcoatings.com\/fr\/wp-json\/wp\/v2\/pages\/3566","targetHints":{"allow":["GET"]}}],"collection":[{"href":"https:\/\/www.omarcoatings.com\/fr\/wp-json\/wp\/v2\/pages"}],"about":[{"href":"https:\/\/www.omarcoatings.com\/fr\/wp-json\/wp\/v2\/types\/page"}],"author":[{"embeddable":true,"href":"https:\/\/www.omarcoatings.com\/fr\/wp-json\/wp\/v2\/users\/1"}],"replies":[{"embeddable":true,"href":"https:\/\/www.omarcoatings.com\/fr\/wp-json\/wp\/v2\/comments?post=3566"}],"version-history":[{"count":3,"href":"https:\/\/www.omarcoatings.com\/fr\/wp-json\/wp\/v2\/pages\/3566\/revisions"}],"predecessor-version":[{"id":3597,"href":"https:\/\/www.omarcoatings.com\/fr\/wp-json\/wp\/v2\/pages\/3566\/revisions\/3597"}],"wp:attachment":[{"href":"https:\/\/www.omarcoatings.com\/fr\/wp-json\/wp\/v2\/media?parent=3566"}],"curies":[{"name":"wp","href":"https:\/\/api.w.org\/{rel}","templated":true}]}}