{"id":3570,"date":"2017-06-02T11:12:13","date_gmt":"2017-06-02T09:12:13","guid":{"rendered":"https:\/\/www.omar.es\/politica-de-privacidad\/"},"modified":"2017-09-27T17:56:23","modified_gmt":"2017-09-27T15:56:23","slug":"politique-de-confidentialite","status":"publish","type":"page","link":"https:\/\/www.omarcoatings.com\/fr\/politique-de-confidentialite\/","title":{"rendered":"Politique de confidentialit\u00e9"},"content":{"rendered":"","protected":false},"excerpt":{"rendered":"","protected":false},"author":1,"featured_media":0,"parent":0,"menu_order":0,"comment_status":"closed","ping_status":"closed","template":"","meta":{"footnotes":""},"class_list":["post-3570","page","type-page","status-publish","hentry"],"yoast_head":"<!-- This site is optimized with the Yoast SEO plugin v27.3 - https:\/\/yoast.com\/product\/yoast-seo-wordpress\/ -->\n<title>Politique de confidentialit\u00e9 | Omar Coatings<\/title>\n<meta name=\"description\" content=\"Omar Coatings Vous \u00eates engag\u00e9 \u00e0 maintenir la confidentialit\u00e9 des donn\u00e9es de nos utilisateurs et de se conformer aux lois en vigueur.\" \/>\n<meta name=\"robots\" content=\"noindex, nofollow\" \/>\n<meta property=\"og:locale\" content=\"fr_FR\" \/>\n<meta property=\"og:type\" content=\"article\" \/>\n<meta property=\"og:title\" content=\"Politique de confidentialit\u00e9 | Omar Coatings\" \/>\n<meta property=\"og:description\" content=\"Omar Coatings Vous \u00eates engag\u00e9 \u00e0 maintenir la confidentialit\u00e9 des donn\u00e9es de nos utilisateurs et de se conformer aux lois en vigueur.\" \/>\n<meta property=\"og:url\" content=\"https:\/\/www.omarcoatings.com\/fr\/politique-de-confidentialite\/\" \/>\n<meta property=\"og:site_name\" content=\"Omar Coatings\" \/>\n<meta property=\"article:publisher\" content=\"https:\/\/www.facebook.com\/Omar-Coatings-SA-836467759840586\/\" \/>\n<meta property=\"article:modified_time\" content=\"2017-09-27T15:56:23+00:00\" \/>\n<meta name=\"twitter:card\" content=\"summary_large_image\" \/>\n<!-- \/ Yoast SEO plugin. -->","yoast_head_json":{"title":"Politique de confidentialit\u00e9 | Omar Coatings","description":"Omar Coatings Vous \u00eates engag\u00e9 \u00e0 maintenir la confidentialit\u00e9 des donn\u00e9es de nos utilisateurs et de se conformer aux lois en vigueur.","robots":{"index":"noindex","follow":"nofollow"},"og_locale":"fr_FR","og_type":"article","og_title":"Politique de confidentialit\u00e9 | Omar Coatings","og_description":"Omar Coatings Vous \u00eates engag\u00e9 \u00e0 maintenir la confidentialit\u00e9 des donn\u00e9es de nos utilisateurs et de se conformer aux lois en vigueur.","og_url":"https:\/\/www.omarcoatings.com\/fr\/politique-de-confidentialite\/","og_site_name":"Omar Coatings","article_publisher":"https:\/\/www.facebook.com\/Omar-Coatings-SA-836467759840586\/","article_modified_time":"2017-09-27T15:56:23+00:00","twitter_card":"summary_large_image","schema":{"@context":"https:\/\/schema.org","@graph":[{"@type":"WebPage","@id":"https:\/\/www.omarcoatings.com\/fr\/politique-de-confidentialite\/","url":"https:\/\/www.omarcoatings.com\/fr\/politique-de-confidentialite\/","name":"Politique de confidentialit\u00e9 | Omar Coatings","isPartOf":{"@id":"https:\/\/www.omarcoatings.com\/#website"},"datePublished":"2017-06-02T09:12:13+00:00","dateModified":"2017-09-27T15:56:23+00:00","description":"Omar Coatings Vous \u00eates engag\u00e9 \u00e0 maintenir la confidentialit\u00e9 des donn\u00e9es de nos utilisateurs et de se conformer aux lois en vigueur.","breadcrumb":{"@id":"https:\/\/www.omarcoatings.com\/fr\/politique-de-confidentialite\/#breadcrumb"},"inLanguage":"fr-FR","potentialAction":[{"@type":"ReadAction","target":["https:\/\/www.omarcoatings.com\/fr\/politique-de-confidentialite\/"]}]},{"@type":"BreadcrumbList","@id":"https:\/\/www.omarcoatings.com\/fr\/politique-de-confidentialite\/#breadcrumb","itemListElement":[{"@type":"ListItem","position":1,"name":"Portada","item":"https:\/\/www.omarcoatings.com\/fr\/"},{"@type":"ListItem","position":2,"name":"Politique de confidentialit\u00e9"}]},{"@type":"WebSite","@id":"https:\/\/www.omarcoatings.com\/#website","url":"https:\/\/www.omarcoatings.com\/","name":"Omar Coatings","description":"Fabrica de barnices y resinas","publisher":{"@id":"https:\/\/www.omarcoatings.com\/#organization"},"potentialAction":[{"@type":"SearchAction","target":{"@type":"EntryPoint","urlTemplate":"https:\/\/www.omarcoatings.com\/?s={search_term_string}"},"query-input":{"@type":"PropertyValueSpecification","valueRequired":true,"valueName":"search_term_string"}}],"inLanguage":"fr-FR"},{"@type":"Organization","@id":"https:\/\/www.omarcoatings.com\/#organization","name":"Omar Coatings\u00ae\ufe0f","url":"https:\/\/www.omarcoatings.com\/","logo":{"@type":"ImageObject","inLanguage":"fr-FR","@id":"https:\/\/www.omarcoatings.com\/#\/schema\/logo\/image\/","url":"https:\/\/www.omarcoatings.com\/web\/wp-content\/uploads\/2022\/05\/logoOmarcoatings.jpg","contentUrl":"https:\/\/www.omarcoatings.com\/web\/wp-content\/uploads\/2022\/05\/logoOmarcoatings.jpg","width":445,"height":301,"caption":"Omar Coatings\u00ae\ufe0f"},"image":{"@id":"https:\/\/www.omarcoatings.com\/#\/schema\/logo\/image\/"},"sameAs":["https:\/\/www.facebook.com\/Omar-Coatings-SA-836467759840586\/","https:\/\/www.linkedin.com\/company-beta\/7121006\/"]}]}},"_links":{"self":[{"href":"https:\/\/www.omarcoatings.com\/fr\/wp-json\/wp\/v2\/pages\/3570","targetHints":{"allow":["GET"]}}],"collection":[{"href":"https:\/\/www.omarcoatings.com\/fr\/wp-json\/wp\/v2\/pages"}],"about":[{"href":"https:\/\/www.omarcoatings.com\/fr\/wp-json\/wp\/v2\/types\/page"}],"author":[{"embeddable":true,"href":"https:\/\/www.omarcoatings.com\/fr\/wp-json\/wp\/v2\/users\/1"}],"replies":[{"embeddable":true,"href":"https:\/\/www.omarcoatings.com\/fr\/wp-json\/wp\/v2\/comments?post=3570"}],"version-history":[{"count":2,"href":"https:\/\/www.omarcoatings.com\/fr\/wp-json\/wp\/v2\/pages\/3570\/revisions"}],"predecessor-version":[{"id":3601,"href":"https:\/\/www.omarcoatings.com\/fr\/wp-json\/wp\/v2\/pages\/3570\/revisions\/3601"}],"wp:attachment":[{"href":"https:\/\/www.omarcoatings.com\/fr\/wp-json\/wp\/v2\/media?parent=3570"}],"curies":[{"name":"wp","href":"https:\/\/api.w.org\/{rel}","templated":true}]}}